{"id":545,"date":"2024-05-05T14:10:00","date_gmt":"2024-05-05T12:10:00","guid":{"rendered":"https:\/\/alexandertechnique-centre.berlin\/ati\/"},"modified":"2024-11-05T17:17:50","modified_gmt":"2024-11-05T16:17:50","slug":"ati","status":"publish","type":"page","link":"https:\/\/alexandertechnique-centre.berlin\/de\/ati\/","title":{"rendered":"ATI"},"content":{"rendered":"<p>[et_pb_section fb_built=&#8220;1&#8243; admin_label=&#8220;Hero&#8220; _builder_version=&#8220;4.25.0&#8243; background_image=&#8220;https:\/\/alexandertechnique-centre.berlin\/wp-content\/uploads\/2024\/05\/atcb-team-ati.jpg&#8220; background_position=&#8220;top_center&#8220; background_vertical_offset=&#8220;36%&#8220; custom_margin=&#8220;|||&#8220; custom_padding=&#8220;40vh||||false|false&#8220; bottom_divider_style=&#8220;slant&#8220; bottom_divider_color=&#8220;#ffffff&#8220; bottom_divider_flip=&#8220;horizontal&#8220; animation_style=&#8220;fade&#8220; animation_direction=&#8220;top&#8220; animation_duration=&#8220;1500ms&#8220; hover_enabled=&#8220;0&#8243; background_last_edited=&#8220;on|tablet&#8220; use_background_color_gradient_phone=&#8220;on&#8220; background_color_gradient_stops_phone=&#8220;rgba(0,0,0,0.5) 0%|rgba(0,0,0,0) 94%&#8220; parallax_tablet=&#8220;off&#8220; parallax_phone=&#8220;off&#8220; background_position_phone=&#8220;top_center&#8220; background_horizontal_offset_phone=&#8220;17%&#8220; global_colors_info=&#8220;{}&#8220; sticky_enabled=&#8220;0&#8243; max_height_last_edited=&#8220;on|tablet&#8220; max_height_tablet=&#8220;400px&#8220; max_height_phone=&#8220;300px&#8220; custom_padding_last_edited=&#8220;on|desktop&#8220; custom_padding_phone=&#8220;0vh||||false|false&#8220; custom_padding_tablet=&#8220;7vh||||false|false&#8220;][et_pb_row column_structure=&#8220;1_2,1_2&#8243; _builder_version=&#8220;4.24.0&#8243; background_size=&#8220;initial&#8220; background_position=&#8220;top_left&#8220; background_repeat=&#8220;repeat&#8220; custom_padding=&#8220;27px|0px|0px|0px&#8220; global_colors_info=&#8220;{}&#8220;][et_pb_column type=&#8220;1_2&#8243; _builder_version=&#8220;4.16&#8243; custom_padding=&#8220;|||&#8220; global_colors_info=&#8220;{}&#8220; custom_padding__hover=&#8220;|||&#8220;][\/et_pb_column][et_pb_column type=&#8220;1_2&#8243; _builder_version=&#8220;4.16&#8243; custom_padding=&#8220;|||&#8220; global_colors_info=&#8220;{}&#8220; custom_padding__hover=&#8220;|||&#8220;][et_pb_text admin_label=&#8220;Title&#8220; _builder_version=&#8220;4.25.0&#8243; text_font=&#8220;||||||||&#8220; text_orientation=&#8220;right&#8220; background_layout=&#8220;dark&#8220; animation_style=&#8220;slide&#8220; animation_delay=&#8220;500ms&#8220; header_font_size_tablet=&#8220;&#8220; header_font_size_phone=&#8220;40px&#8220; header_font_size_last_edited=&#8220;on|phone&#8220; global_colors_info=&#8220;{}&#8220;]<\/p>\n<h1>Ati<\/h1>\n<p>[\/et_pb_text][et_pb_divider color=&#8220;#FFFFFF&#8220; divider_weight=&#8220;3px&#8220; _builder_version=&#8220;4.24.0&#8243; max_width=&#8220;120px&#8220; module_alignment=&#8220;right&#8220; animation_style=&#8220;zoom&#8220; animation_direction=&#8220;left&#8220; global_colors_info=&#8220;{}&#8220;][\/et_pb_divider][et_pb_button button_url=&#8220;#Inhalt&#8220; button_text=&#8220;Mehr lesen&#8220; button_alignment=&#8220;right&#8220; disabled_on=&#8220;off|off|off&#8220; _builder_version=&#8220;4.25.0&#8243; _module_preset=&#8220;default&#8220; global_colors_info=&#8220;{}&#8220;][\/et_pb_button][\/et_pb_column][\/et_pb_row][\/et_pb_section][et_pb_section fb_built=&#8220;1&#8243; admin_label=&#8220;About&#8220; module_id=&#8220;Inhalt&#8220; _builder_version=&#8220;4.25.0&#8243; custom_padding=&#8220;||100px||false|false&#8220; global_colors_info=&#8220;{}&#8220;][et_pb_row column_structure=&#8220;1_5,3_5,1_5&#8243; _builder_version=&#8220;4.16&#8243; custom_margin=&#8220;|||&#8220; custom_padding=&#8220;|||&#8220; global_colors_info=&#8220;{}&#8220;][et_pb_column type=&#8220;1_5&#8243; _builder_version=&#8220;4.16&#8243; custom_padding=&#8220;|||&#8220; global_colors_info=&#8220;{}&#8220; custom_padding__hover=&#8220;|||&#8220;][\/et_pb_column][et_pb_column type=&#8220;3_5&#8243; _builder_version=&#8220;4.16&#8243; custom_padding=&#8220;|||&#8220; global_colors_info=&#8220;{}&#8220; custom_padding__hover=&#8220;|||&#8220;][et_pb_text admin_label=&#8220;Title&#8220; _builder_version=&#8220;4.25.0&#8243; header_font=&#8220;||||||||&#8220; header_2_font=&#8220;Montserrat|500|||||||&#8220; header_2_text_align=&#8220;center&#8220; module_alignment=&#8220;center&#8220; animation_style=&#8220;slide&#8220; animation_direction=&#8220;bottom&#8220; animation_intensity_slide=&#8220;10%&#8220; global_colors_info=&#8220;{}&#8220;]<\/p>\n<p><a style=\"font-size: 40px; color: black;\">Die Alexander-Technik-Initiative Berlin <\/a> wurde 2020 als Kooperative von Alexander-Technik-LehrerInnen gegr\u00fcndet, die die Pr\u00e4senz und den Wirkungsgrad dieser Methode in der Gesellschaft st\u00e4rken m\u00f6chten.<\/p>\n<p>Obwohl sich die Alexander-Technik als wirksame Methode zur Verbesserung der Qualit\u00e4t in fast allen Lebensbereichen bew\u00e4hrt hat, sind ihr Nutzen und ihre weitreichende Anwendung noch vergleichsweise unbekannt, ebenso wie ihre signifikanten Effekte.<\/p>\n<p>Ati Berlin bietet Seminare, Vortr\u00e4ge und Workshops an, um Bildungseinrichtungen, Gesundheits- und Sozialinstitutionen, Unternehmen und die breite \u00d6ffentlichkeit mit der Alexander-Technik vertraut zu machen und \u00fcber ihre M\u00f6glichkeiten zu informieren.<\/p>\n<p>F\u00fcr weitere Informationen klicken Sie bitte auf den folgenden Button<\/p>\n<p>[\/et_pb_text][et_pb_button button_url=&#8220;https:\/\/alexandertechnikinitiative.berlin\/gb\/&#8220; url_new_window=&#8220;on&#8220; button_text=&#8220;Mehr erfahren&#8220; _builder_version=&#8220;4.25.0&#8243; _module_preset=&#8220;default&#8220; global_colors_info=&#8220;{}&#8220;][\/et_pb_button][et_pb_image src=&#8220;https:\/\/alexandertechnique-centre.berlin\/wp-content\/uploads\/2024\/04\/atcb-initiative.png&#8220; title_text=&#8220;ATCB &#8211; Initiative&#8220; _builder_version=&#8220;4.25.0&#8243; _module_preset=&#8220;default&#8220; global_colors_info=&#8220;{}&#8220;][\/et_pb_image][\/et_pb_column][et_pb_column type=&#8220;1_5&#8243; _builder_version=&#8220;4.16&#8243; custom_padding=&#8220;|||&#8220; global_colors_info=&#8220;{}&#8220; custom_padding__hover=&#8220;|||&#8220;][\/et_pb_column][\/et_pb_row][\/et_pb_section]<\/p>\n","protected":false},"excerpt":{"rendered":"<p>AtiDie Alexander-Technik-Initiative Berlin wurde 2020 als Kooperative von Alexander-Technik-LehrerInnen gegr\u00fcndet, die die Pr\u00e4senz und den Wirkungsgrad dieser Methode in der Gesellschaft st\u00e4rken m\u00f6chten. Obwohl sich die Alexander-Technik als wirksame Methode zur Verbesserung der Qualit\u00e4t in fast allen Lebensbereichen bew\u00e4hrt hat, sind ihr Nutzen und ihre weitreichende Anwendung noch vergleichsweise unbekannt, ebenso wie ihre signifikanten Effekte. [&hellip;]<\/p>\n","protected":false},"author":1,"featured_media":0,"parent":0,"menu_order":0,"comment_status":"closed","ping_status":"closed","template":"","meta":{"_acf_changed":false,"_et_pb_use_builder":"on","_et_pb_old_content":"","_et_gb_content_width":"","inline_featured_image":false,"iawp_total_views":5,"footnotes":""},"class_list":["post-545","page","type-page","status-publish","hentry"],"acf":[],"yoast_head":"<!-- This site is optimized with the Yoast SEO plugin v27.2 - https:\/\/yoast.com\/product\/yoast-seo-wordpress\/ -->\n<title>ATI &#8226; Alexander Technique Centre Berlin<\/title>\n<meta name=\"description\" content=\"Die Alexander-Technik-Initiative Berlin (ati) wurde 2020 als Zusammenschluss von Alexander-Technik-LehrerInnen gegr\u00fcndet, die sich f\u00fcr die F\u00f6rderung und Verbreitung der Alexander-Technik einsetzen.\" \/>\n<meta name=\"robots\" content=\"index, follow, max-snippet:-1, max-image-preview:large, max-video-preview:-1\" \/>\n<link rel=\"canonical\" href=\"https:\/\/alexandertechnique-centre.berlin\/de\/ati\/\" \/>\n<meta property=\"og:locale\" content=\"de_DE\" \/>\n<meta property=\"og:type\" content=\"article\" \/>\n<meta property=\"og:title\" content=\"ATI &#8226; Alexander Technique Centre Berlin\" \/>\n<meta property=\"og:description\" content=\"Die Alexander-Technik-Initiative Berlin (ati) wurde 2020 als Zusammenschluss von Alexander-Technik-LehrerInnen gegr\u00fcndet, die sich f\u00fcr die F\u00f6rderung und Verbreitung der Alexander-Technik einsetzen.\" \/>\n<meta property=\"og:url\" content=\"https:\/\/alexandertechnique-centre.berlin\/de\/ati\/\" \/>\n<meta property=\"og:site_name\" content=\"Alexander Technique Centre Berlin\" \/>\n<meta property=\"article:modified_time\" content=\"2024-11-05T16:17:50+00:00\" \/>\n<meta property=\"og:image\" content=\"https:\/\/alexandertechnique-centre.berlin\/wp-content\/uploads\/2024\/05\/atcb-DSC_0267-scaled.jpg\" \/>\n\t<meta property=\"og:image:width\" content=\"2560\" \/>\n\t<meta property=\"og:image:height\" content=\"1707\" \/>\n\t<meta property=\"og:image:type\" content=\"image\/jpeg\" \/>\n<script type=\"application\/ld+json\" class=\"yoast-schema-graph\">{\"@context\":\"https:\/\/schema.org\",\"@graph\":[{\"@type\":\"WebPage\",\"@id\":\"https:\/\/alexandertechnique-centre.berlin\/de\/ati\/\",\"url\":\"https:\/\/alexandertechnique-centre.berlin\/de\/ati\/\",\"name\":\"ATI &#8226; Alexander Technique Centre Berlin\",\"isPartOf\":{\"@id\":\"https:\/\/alexandertechnique-centre.berlin\/de\/#website\"},\"datePublished\":\"2024-05-05T12:10:00+00:00\",\"dateModified\":\"2024-11-05T16:17:50+00:00\",\"description\":\"Die Alexander-Technik-Initiative Berlin (ati) wurde 2020 als Zusammenschluss von Alexander-Technik-LehrerInnen gegr\u00fcndet, die sich f\u00fcr die F\u00f6rderung und Verbreitung der Alexander-Technik einsetzen.\",\"breadcrumb\":{\"@id\":\"https:\/\/alexandertechnique-centre.berlin\/de\/ati\/#breadcrumb\"},\"inLanguage\":\"de\",\"potentialAction\":[{\"@type\":\"ReadAction\",\"target\":[\"https:\/\/alexandertechnique-centre.berlin\/de\/ati\/\"]}]},{\"@type\":\"BreadcrumbList\",\"@id\":\"https:\/\/alexandertechnique-centre.berlin\/de\/ati\/#breadcrumb\",\"itemListElement\":[{\"@type\":\"ListItem\",\"position\":1,\"name\":\"Home\",\"item\":\"https:\/\/alexandertechnique-centre.berlin\/de\/\"},{\"@type\":\"ListItem\",\"position\":2,\"name\":\"ATI\"}]},{\"@type\":\"WebSite\",\"@id\":\"https:\/\/alexandertechnique-centre.berlin\/de\/#website\",\"url\":\"https:\/\/alexandertechnique-centre.berlin\/de\/\",\"name\":\"Alexander Technique Centre Berlin\",\"description\":\"Alexander Technique Centre Berlin\",\"publisher\":{\"@id\":\"https:\/\/alexandertechnique-centre.berlin\/de\/#organization\"},\"alternateName\":\"ATCB\",\"potentialAction\":[{\"@type\":\"SearchAction\",\"target\":{\"@type\":\"EntryPoint\",\"urlTemplate\":\"https:\/\/alexandertechnique-centre.berlin\/de\/?s={search_term_string}\"},\"query-input\":{\"@type\":\"PropertyValueSpecification\",\"valueRequired\":true,\"valueName\":\"search_term_string\"}}],\"inLanguage\":\"de\"},{\"@type\":\"Organization\",\"@id\":\"https:\/\/alexandertechnique-centre.berlin\/de\/#organization\",\"name\":\"Alexander Technique Centre Berlin\",\"url\":\"https:\/\/alexandertechnique-centre.berlin\/de\/\",\"logo\":{\"@type\":\"ImageObject\",\"inLanguage\":\"de\",\"@id\":\"https:\/\/alexandertechnique-centre.berlin\/de\/#\/schema\/logo\/image\/\",\"url\":\"https:\/\/alexandertechnique-centre.berlin\/wp-content\/uploads\/2024\/04\/atcb-logo.png\",\"contentUrl\":\"https:\/\/alexandertechnique-centre.berlin\/wp-content\/uploads\/2024\/04\/atcb-logo.png\",\"width\":1255,\"height\":538,\"caption\":\"Alexander Technique Centre Berlin\"},\"image\":{\"@id\":\"https:\/\/alexandertechnique-centre.berlin\/de\/#\/schema\/logo\/image\/\"}}]}<\/script>\n<!-- \/ Yoast SEO plugin. -->","yoast_head_json":{"title":"ATI &#8226; Alexander Technique Centre Berlin","description":"Die Alexander-Technik-Initiative Berlin (ati) wurde 2020 als Zusammenschluss von Alexander-Technik-LehrerInnen gegr\u00fcndet, die sich f\u00fcr die F\u00f6rderung und Verbreitung der Alexander-Technik einsetzen.","robots":{"index":"index","follow":"follow","max-snippet":"max-snippet:-1","max-image-preview":"max-image-preview:large","max-video-preview":"max-video-preview:-1"},"canonical":"https:\/\/alexandertechnique-centre.berlin\/de\/ati\/","og_locale":"de_DE","og_type":"article","og_title":"ATI &#8226; Alexander Technique Centre Berlin","og_description":"Die Alexander-Technik-Initiative Berlin (ati) wurde 2020 als Zusammenschluss von Alexander-Technik-LehrerInnen gegr\u00fcndet, die sich f\u00fcr die F\u00f6rderung und Verbreitung der Alexander-Technik einsetzen.","og_url":"https:\/\/alexandertechnique-centre.berlin\/de\/ati\/","og_site_name":"Alexander Technique Centre Berlin","article_modified_time":"2024-11-05T16:17:50+00:00","og_image":[{"width":2560,"height":1707,"url":"https:\/\/alexandertechnique-centre.berlin\/wp-content\/uploads\/2024\/05\/atcb-DSC_0267-scaled.jpg","type":"image\/jpeg"}],"schema":{"@context":"https:\/\/schema.org","@graph":[{"@type":"WebPage","@id":"https:\/\/alexandertechnique-centre.berlin\/de\/ati\/","url":"https:\/\/alexandertechnique-centre.berlin\/de\/ati\/","name":"ATI &#8226; Alexander Technique Centre Berlin","isPartOf":{"@id":"https:\/\/alexandertechnique-centre.berlin\/de\/#website"},"datePublished":"2024-05-05T12:10:00+00:00","dateModified":"2024-11-05T16:17:50+00:00","description":"Die Alexander-Technik-Initiative Berlin (ati) wurde 2020 als Zusammenschluss von Alexander-Technik-LehrerInnen gegr\u00fcndet, die sich f\u00fcr die F\u00f6rderung und Verbreitung der Alexander-Technik einsetzen.","breadcrumb":{"@id":"https:\/\/alexandertechnique-centre.berlin\/de\/ati\/#breadcrumb"},"inLanguage":"de","potentialAction":[{"@type":"ReadAction","target":["https:\/\/alexandertechnique-centre.berlin\/de\/ati\/"]}]},{"@type":"BreadcrumbList","@id":"https:\/\/alexandertechnique-centre.berlin\/de\/ati\/#breadcrumb","itemListElement":[{"@type":"ListItem","position":1,"name":"Home","item":"https:\/\/alexandertechnique-centre.berlin\/de\/"},{"@type":"ListItem","position":2,"name":"ATI"}]},{"@type":"WebSite","@id":"https:\/\/alexandertechnique-centre.berlin\/de\/#website","url":"https:\/\/alexandertechnique-centre.berlin\/de\/","name":"Alexander Technique Centre Berlin","description":"Alexander Technique Centre Berlin","publisher":{"@id":"https:\/\/alexandertechnique-centre.berlin\/de\/#organization"},"alternateName":"ATCB","potentialAction":[{"@type":"SearchAction","target":{"@type":"EntryPoint","urlTemplate":"https:\/\/alexandertechnique-centre.berlin\/de\/?s={search_term_string}"},"query-input":{"@type":"PropertyValueSpecification","valueRequired":true,"valueName":"search_term_string"}}],"inLanguage":"de"},{"@type":"Organization","@id":"https:\/\/alexandertechnique-centre.berlin\/de\/#organization","name":"Alexander Technique Centre Berlin","url":"https:\/\/alexandertechnique-centre.berlin\/de\/","logo":{"@type":"ImageObject","inLanguage":"de","@id":"https:\/\/alexandertechnique-centre.berlin\/de\/#\/schema\/logo\/image\/","url":"https:\/\/alexandertechnique-centre.berlin\/wp-content\/uploads\/2024\/04\/atcb-logo.png","contentUrl":"https:\/\/alexandertechnique-centre.berlin\/wp-content\/uploads\/2024\/04\/atcb-logo.png","width":1255,"height":538,"caption":"Alexander Technique Centre Berlin"},"image":{"@id":"https:\/\/alexandertechnique-centre.berlin\/de\/#\/schema\/logo\/image\/"}}]}},"_links":{"self":[{"href":"https:\/\/alexandertechnique-centre.berlin\/de\/wp-json\/wp\/v2\/pages\/545","targetHints":{"allow":["GET"]}}],"collection":[{"href":"https:\/\/alexandertechnique-centre.berlin\/de\/wp-json\/wp\/v2\/pages"}],"about":[{"href":"https:\/\/alexandertechnique-centre.berlin\/de\/wp-json\/wp\/v2\/types\/page"}],"author":[{"embeddable":true,"href":"https:\/\/alexandertechnique-centre.berlin\/de\/wp-json\/wp\/v2\/users\/1"}],"replies":[{"embeddable":true,"href":"https:\/\/alexandertechnique-centre.berlin\/de\/wp-json\/wp\/v2\/comments?post=545"}],"version-history":[{"count":10,"href":"https:\/\/alexandertechnique-centre.berlin\/de\/wp-json\/wp\/v2\/pages\/545\/revisions"}],"predecessor-version":[{"id":1826,"href":"https:\/\/alexandertechnique-centre.berlin\/de\/wp-json\/wp\/v2\/pages\/545\/revisions\/1826"}],"wp:attachment":[{"href":"https:\/\/alexandertechnique-centre.berlin\/de\/wp-json\/wp\/v2\/media?parent=545"}],"curies":[{"name":"wp","href":"https:\/\/api.w.org\/{rel}","templated":true}]}}