{"id":551,"date":"2024-05-04T19:00:23","date_gmt":"2024-05-04T17:00:23","guid":{"rendered":"https:\/\/alexandertechnique-centre.berlin\/impressum-datenschutzerklaerung\/"},"modified":"2025-10-24T13:46:32","modified_gmt":"2025-10-24T11:46:32","slug":"impressum-datenschutzerklaerung","status":"publish","type":"page","link":"https:\/\/alexandertechnique-centre.berlin\/de\/impressum-datenschutzerklaerung\/","title":{"rendered":"Impressum \/ Datenschutzerkl\u00e4rung"},"content":{"rendered":"<p>[et_pb_section fb_built=&#8220;1&#8243; admin_label=&#8220;About&#8220; _builder_version=&#8220;4.24.0&#8243; custom_padding=&#8220;||150px||false|false&#8220; global_colors_info=&#8220;{}&#8220;][et_pb_row column_structure=&#8220;1_5,3_5,1_5&#8243; _builder_version=&#8220;4.16&#8243; custom_margin=&#8220;|||&#8220; custom_padding=&#8220;|||&#8220; global_colors_info=&#8220;{}&#8220;][et_pb_column type=&#8220;1_5&#8243; _builder_version=&#8220;4.16&#8243; custom_padding=&#8220;|||&#8220; global_colors_info=&#8220;{}&#8220; custom_padding__hover=&#8220;|||&#8220;][\/et_pb_column][et_pb_column type=&#8220;3_5&#8243; _builder_version=&#8220;4.16&#8243; custom_padding=&#8220;|||&#8220; global_colors_info=&#8220;{}&#8220; custom_padding__hover=&#8220;|||&#8220;][et_pb_text admin_label=&#8220;Title&#8220; _builder_version=&#8220;4.25.0&#8243; module_alignment=&#8220;center&#8220; animation_style=&#8220;slide&#8220; animation_direction=&#8220;bottom&#8220; animation_intensity_slide=&#8220;10%&#8220; global_colors_info=&#8220;{}&#8220;]<\/p>\n<h1>Impressum \/ Datenschutzerkl\u00e4rung<\/h1>\n<p>Die Betreiber dieser Seiten nehmen den Schutz Ihrer pers\u00f6nlichen Daten sehr ernst. Wir behandeln Ihre personenbezogenen Daten vertraulich und entsprechend der gesetzlichen Datenschutzvorschriften sowie dieser Datenschutzerkl\u00e4rung.<\/p>\n<p>Wenn Sie diese Website nutzen, werden verschiedene personenbezogene Daten erhoben Personenbezogene Daten sind Daten, mit denen Sie pers\u00f6nlich identifiziert werden k\u00f6nnen. In dieser Datenschutzerkl\u00e4rung wird erl\u00e4utert, welche Daten wir sammeln und wof\u00fcr wir sie verwenden. Sie erkl\u00e4rt auch, wie und zu welchem Zweck dies geschieht.<\/p>\n<p>Wir weisen darauf hin, dass die Daten\u00fcbertragung im Internet (z.B. bei der Kommunikation per E-Mail) Sicherheitsl\u00fccken aufweisen kann. Ein l\u00fcckenloser Schutz der Daten vor dem Zugriff durch Dritte ist nicht m\u00f6glich.<\/p>\n<p>Hinweis auf die zust\u00e4ndige Stelle<\/p>\n<h2>Die verantwortliche Stelle f\u00fcr die Datenverarbeitung auf dieser Website ist:<\/h2>\n<p><strong>Alexander-Technik Centre Berlin<\/strong><br \/>Jonathan Sheratte<br \/>Arndtstrasse 21<br \/>10965 Berlin<\/p>\n<p><a href=\"tel:00493086430973\"><span>+49 (0) 30 8643 0973<\/span><\/a><\/p>\n<p><a href=\"mailto:info@alexandertechnique-centre.berlin\">info@alexandertechnique-centre.berlin<\/a><\/p>\n<p>Die verantwortliche Stelle ist die nat\u00fcrliche oder juristische Person, die allein oder gemeinsam mit anderen \u00fcber die Zwecke und Mittel der Verarbeitung personenbezogener Daten (z. B. Namen, E-Mail-Adressen oder \u00c4hnliches) entscheidet.<\/p>\n<p>[\/et_pb_text][et_pb_text _builder_version=&#8220;4.25.0&#8243; _module_preset=&#8220;default&#8220; custom_padding=&#8220;||0px|||&#8220; global_colors_info=&#8220;{}&#8220;]<\/p>\n<h3>Website von<\/h3>\n<p>[\/et_pb_text][et_pb_blurb image=&#8220;https:\/\/alexandertechnique-centre.berlin\/wp-content\/uploads\/2024\/05\/RDMS-logo-4c.png&#8220; image_icon_width=&#8220;300px&#8220; icon_alignment=&#8220;left&#8220; content_max_width=&#8220;100%&#8220; _builder_version=&#8220;4.25.0&#8243; _module_preset=&#8220;default&#8220; custom_margin=&#8220;||10px||false|false&#8220; link_option_url=&#8220;https:\/\/robindoerr.de\/&#8220; link_option_url_new_window=&#8220;on&#8220; global_colors_info=&#8220;{}&#8220;]<\/p>\n<ul>\n<li>Webdesign &amp; Programmierung<\/li>\n<li><a href=\"https:\/\/robindoerr.de\/\" target=\"_blank\" rel=\"noopener\">robindoerr.de<\/a><\/li>\n<\/ul>\n<p>[\/et_pb_blurb][et_pb_blurb image=&#8220;https:\/\/alexandertechnique-centre.berlin\/wp-content\/uploads\/2024\/05\/atcb-logo-tillmann-konrad-scaled.jpg&#8220; image_icon_width=&#8220;500px&#8220; icon_alignment=&#8220;left&#8220; content_max_width=&#8220;100%&#8220; image_icon_width_tablet=&#8220;500px&#8220; image_icon_width_phone=&#8220;100%&#8220; image_icon_width_last_edited=&#8220;on|phone&#8220; _builder_version=&#8220;4.25.0&#8243; _module_preset=&#8220;default&#8220; link_option_url=&#8220;https:\/\/fineart-photography.berlin\/&#8220; link_option_url_new_window=&#8220;on&#8220; hover_enabled=&#8220;0&#8243; custom_css_blurb_image=&#8220;margin-left:-20px;&#8220; global_colors_info=&#8220;{}&#8220; sticky_enabled=&#8220;0&#8243;]<\/p>\n<ul>\n<li>Photos<\/li>\n<li><a href=\"https\/\/fineart-photography.berlin\/\" target=\"_blank\" rel=\"noopener\">fineart-photography.berlin<\/a><\/li>\n<\/ul>\n<p>[\/et_pb_blurb][et_pb_text admin_label=&#8220;Title&#8220; _builder_version=&#8220;4.25.0&#8243; max_width=&#8220;700px&#8220; module_alignment=&#8220;center&#8220; animation_style=&#8220;slide&#8220; animation_direction=&#8220;bottom&#8220; animation_intensity_slide=&#8220;10%&#8220; global_colors_info=&#8220;{}&#8220;]<\/p>\n<h3>Widerruf der Einwilligung in die Datenverarbeitung<\/h3>\n<p>Viele Datenverarbeitungsvorg\u00e4nge sind nur mit Ihrer ausdr\u00fccklichen Einwilligung m\u00f6glich. Eine bereits erteilte Einwilligung k\u00f6nnen Sie jederzeit widerrufen. Hierf\u00fcr reicht eine formlose Mitteilung per E-Mail an uns aus. Die Rechtm\u00e4\u00dfigkeit der bis zum Widerruf erfolgten Datenverarbeitung bleibt vom Widerruf unber\u00fchrt.<\/p>\n<h3>Recht auf Daten\u00fcbertragbarkeit<\/h3>\n<p>Sie haben das Recht, Daten, die wir aufgrund Ihrer Einwilligung oder in Erf\u00fcllung eines Vertrages automatisiert verarbeiten, an Sie oder an einen Dritten in einem g\u00e4ngigen, maschinenlesbaren Format aush\u00e4ndigen zu lassen. Wenn Sie die direkte \u00dcbermittlung der Daten an einen anderen Verantwortlichen verlangen, erfolgt dies nur, soweit es technisch machbar ist.<\/p>\n<h3>Information, Sperrung, L\u00f6schung<\/h3>\n<p>Sie haben im Rahmen der geltenden gesetzlichen Bestimmungen jederzeit das Recht auf unentgeltliche Auskunft \u00fcber Ihre gespeicherten personenbezogenen Daten, deren Herkunft und Empf\u00e4nger und den Zweck der Datenverarbeitung sowie ggf. ein Recht auf Berichtigung, Sperrung oder L\u00f6schung dieser Daten. Hierzu sowie zu weiteren Fragen zum Thema personenbezogene Daten k\u00f6nnen Sie sich jederzeit unter der im Impressum angegebenen Adresse an uns wenden. 3. Datenerhebung auf unserer Website<\/p>\n<h3>Cookies<\/h3>\n<p>Die Internetseiten verwenden teilweise sogenannte Cookies. Cookies richten auf Ihrem Rechner keinen Schaden an und enthalten keine Viren. Cookies dienen dazu, unser Angebot nutzerfreundlicher, effektiver und sicherer zu machen. Cookies sind kleine Textdateien, die auf Ihrem Rechner abgelegt werden und die Ihr Browser speichert.<\/p>\n<p>Die meisten der von uns verwendeten Cookies sind so genannte &#8222;Session-Cookies&#8220;. Sie werden nach Ende Ihres Besuchs automatisch gel\u00f6scht. Andere Cookies bleiben auf Ihrem Endger\u00e4t gespeichert, bis Sie diese l\u00f6schen. Diese Cookies erm\u00f6glichen es uns, Ihren Browser bei Ihrem n\u00e4chsten Besuch wiederzuerkennen.<\/p>\n<p>Sie k\u00f6nnen Ihren Browser so einstellen, dass Sie \u00fcber das Setzen von Cookies informiert werden und Cookies nur im Einzelfall erlauben, die Annahme von Cookies f\u00fcr bestimmte F\u00e4lle oder generell ausschlie\u00dfen sowie das automatische L\u00f6schen der Cookies beim Schlie\u00dfen des Browser aktivieren. Bei der Deaktivierung von Cookies kann die Funktionalit\u00e4t dieser Website eingeschr\u00e4nkt sein.<\/p>\n<p>Cookies, die zur Durchf\u00fchrung des elektronischen Kommunikationsvorgangs oder zur Bereitstellung bestimmter, von Ihnen gew\u00fcnschter Funktionen (z.B. Warenkorbfunktion) erforderlich sind, werden auf Grundlage von Art. 6 (1) lit. f DSGVO. Der Websitebetreiber hat ein berechtigtes Interesse an der Speicherung von Cookies zur technisch fehlerfreien und optimierten Bereitstellung seiner Dienste. Soweit andere Cookies (z.B. Cookies zur Analyse Ihres Surfverhaltens) gespeichert werden, werden diese in dieser Datenschutzerkl\u00e4rung gesondert behandelt.<\/p>\n<h3>Server-Log-Dateien<\/h3>\n<p>Der Provider der Seiten erhebt und speichert automatisch Informationen in so genannten Server Log Files, die Ihr Browser automatisch an uns \u00fcbermittelt. Diese sind:<\/p>\n<p>Browsertyp und Browserversion Verwendetes Betriebssystem Referrer URL Hostname des zugreifenden Rechners Uhrzeit der Serveranfrage IP-Adresse.<\/p>\n<p>Diese Daten werden nicht mit anderen Datenquellen zusammengef\u00fchrt.<\/p>\n<p>Die Grundlage f\u00fcr die Datenverarbeitung ist Art. 6 Absatz. 1 lit. f DSGVO, der die Verarbeitung von Daten zur Erf\u00fcllung eines Vertrages oder vorvertraglicher Ma\u00dfnahmen erlaubt.<\/p>\n<p>[\/et_pb_text][\/et_pb_column][et_pb_column type=&#8220;1_5&#8243; _builder_version=&#8220;4.16&#8243; custom_padding=&#8220;|||&#8220; global_colors_info=&#8220;{}&#8220; custom_padding__hover=&#8220;|||&#8220;][\/et_pb_column][\/et_pb_row][\/et_pb_section]<\/p>\n","protected":false},"excerpt":{"rendered":"<p>Impressum \/ Datenschutzerkl\u00e4rung Die Betreiber dieser Seiten nehmen den Schutz Ihrer pers\u00f6nlichen Daten sehr ernst. Wir behandeln Ihre personenbezogenen Daten vertraulich und entsprechend der gesetzlichen Datenschutzvorschriften sowie dieser Datenschutzerkl\u00e4rung. Wenn Sie diese Website nutzen, werden verschiedene personenbezogene Daten erhoben Personenbezogene Daten sind Daten, mit denen Sie pers\u00f6nlich identifiziert werden k\u00f6nnen. In dieser Datenschutzerkl\u00e4rung wird erl\u00e4utert, [&hellip;]<\/p>\n","protected":false},"author":1,"featured_media":0,"parent":0,"menu_order":0,"comment_status":"closed","ping_status":"closed","template":"","meta":{"_acf_changed":false,"_et_pb_use_builder":"on","_et_pb_old_content":"","_et_gb_content_width":"","inline_featured_image":false,"iawp_total_views":2,"footnotes":""},"class_list":["post-551","page","type-page","status-publish","hentry"],"acf":[],"yoast_head":"<!-- This site is optimized with the Yoast SEO plugin v27.2 - https:\/\/yoast.com\/product\/yoast-seo-wordpress\/ -->\n<title>Impressum \/ Datenschutzerkl\u00e4rung &#8226; Alexander Technique Centre Berlin<\/title>\n<meta name=\"description\" content=\"Hier in unserem Impressum finden Sie alle rechtlichen Hinweise und Kontaktinformationen zum Alexander-Technik-Zentrum Berlin.\" \/>\n<meta name=\"robots\" content=\"noindex, follow\" \/>\n<meta property=\"og:locale\" content=\"de_DE\" \/>\n<meta property=\"og:type\" content=\"article\" \/>\n<meta property=\"og:title\" content=\"Impressum \/ Datenschutzerkl\u00e4rung &#8226; Alexander Technique Centre Berlin\" \/>\n<meta property=\"og:description\" content=\"Hier in unserem Impressum finden Sie alle rechtlichen Hinweise und Kontaktinformationen zum Alexander-Technik-Zentrum Berlin.\" \/>\n<meta property=\"og:url\" content=\"https:\/\/alexandertechnique-centre.berlin\/de\/impressum-datenschutzerklaerung\/\" \/>\n<meta property=\"og:site_name\" content=\"Alexander Technique Centre Berlin\" \/>\n<meta property=\"article:modified_time\" content=\"2025-10-24T11:46:32+00:00\" \/>\n<meta property=\"og:image\" content=\"https:\/\/alexandertechnique-centre.berlin\/wp-content\/uploads\/2024\/05\/atcb-DSC_0267-scaled.jpg\" \/>\n\t<meta property=\"og:image:width\" content=\"2560\" \/>\n\t<meta property=\"og:image:height\" content=\"1707\" \/>\n\t<meta property=\"og:image:type\" content=\"image\/jpeg\" \/>\n<script type=\"application\/ld+json\" class=\"yoast-schema-graph\">{\"@context\":\"https:\/\/schema.org\",\"@graph\":[{\"@type\":\"WebPage\",\"@id\":\"https:\/\/alexandertechnique-centre.berlin\/de\/impressum-datenschutzerklaerung\/\",\"url\":\"https:\/\/alexandertechnique-centre.berlin\/de\/impressum-datenschutzerklaerung\/\",\"name\":\"Impressum \/ Datenschutzerkl\u00e4rung &#8226; Alexander Technique Centre Berlin\",\"isPartOf\":{\"@id\":\"https:\/\/alexandertechnique-centre.berlin\/de\/#website\"},\"datePublished\":\"2024-05-04T17:00:23+00:00\",\"dateModified\":\"2025-10-24T11:46:32+00:00\",\"description\":\"Hier in unserem Impressum finden Sie alle rechtlichen Hinweise und Kontaktinformationen zum Alexander-Technik-Zentrum Berlin.\",\"breadcrumb\":{\"@id\":\"https:\/\/alexandertechnique-centre.berlin\/de\/impressum-datenschutzerklaerung\/#breadcrumb\"},\"inLanguage\":\"de\",\"potentialAction\":[{\"@type\":\"ReadAction\",\"target\":[\"https:\/\/alexandertechnique-centre.berlin\/de\/impressum-datenschutzerklaerung\/\"]}]},{\"@type\":\"BreadcrumbList\",\"@id\":\"https:\/\/alexandertechnique-centre.berlin\/de\/impressum-datenschutzerklaerung\/#breadcrumb\",\"itemListElement\":[{\"@type\":\"ListItem\",\"position\":1,\"name\":\"Home\",\"item\":\"https:\/\/alexandertechnique-centre.berlin\/de\/\"},{\"@type\":\"ListItem\",\"position\":2,\"name\":\"Impressum \/ Datenschutzerkl\u00e4rung\"}]},{\"@type\":\"WebSite\",\"@id\":\"https:\/\/alexandertechnique-centre.berlin\/de\/#website\",\"url\":\"https:\/\/alexandertechnique-centre.berlin\/de\/\",\"name\":\"Alexander Technique Centre Berlin\",\"description\":\"Alexander Technique Centre Berlin\",\"publisher\":{\"@id\":\"https:\/\/alexandertechnique-centre.berlin\/de\/#organization\"},\"alternateName\":\"ATCB\",\"potentialAction\":[{\"@type\":\"SearchAction\",\"target\":{\"@type\":\"EntryPoint\",\"urlTemplate\":\"https:\/\/alexandertechnique-centre.berlin\/de\/?s={search_term_string}\"},\"query-input\":{\"@type\":\"PropertyValueSpecification\",\"valueRequired\":true,\"valueName\":\"search_term_string\"}}],\"inLanguage\":\"de\"},{\"@type\":\"Organization\",\"@id\":\"https:\/\/alexandertechnique-centre.berlin\/de\/#organization\",\"name\":\"Alexander Technique Centre Berlin\",\"url\":\"https:\/\/alexandertechnique-centre.berlin\/de\/\",\"logo\":{\"@type\":\"ImageObject\",\"inLanguage\":\"de\",\"@id\":\"https:\/\/alexandertechnique-centre.berlin\/de\/#\/schema\/logo\/image\/\",\"url\":\"https:\/\/alexandertechnique-centre.berlin\/wp-content\/uploads\/2024\/04\/atcb-logo.png\",\"contentUrl\":\"https:\/\/alexandertechnique-centre.berlin\/wp-content\/uploads\/2024\/04\/atcb-logo.png\",\"width\":1255,\"height\":538,\"caption\":\"Alexander Technique Centre Berlin\"},\"image\":{\"@id\":\"https:\/\/alexandertechnique-centre.berlin\/de\/#\/schema\/logo\/image\/\"}}]}<\/script>\n<!-- \/ Yoast SEO plugin. -->","yoast_head_json":{"title":"Impressum \/ Datenschutzerkl\u00e4rung &#8226; Alexander Technique Centre Berlin","description":"Hier in unserem Impressum finden Sie alle rechtlichen Hinweise und Kontaktinformationen zum Alexander-Technik-Zentrum Berlin.","robots":{"index":"noindex","follow":"follow"},"og_locale":"de_DE","og_type":"article","og_title":"Impressum \/ Datenschutzerkl\u00e4rung &#8226; Alexander Technique Centre Berlin","og_description":"Hier in unserem Impressum finden Sie alle rechtlichen Hinweise und Kontaktinformationen zum Alexander-Technik-Zentrum Berlin.","og_url":"https:\/\/alexandertechnique-centre.berlin\/de\/impressum-datenschutzerklaerung\/","og_site_name":"Alexander Technique Centre Berlin","article_modified_time":"2025-10-24T11:46:32+00:00","og_image":[{"width":2560,"height":1707,"url":"https:\/\/alexandertechnique-centre.berlin\/wp-content\/uploads\/2024\/05\/atcb-DSC_0267-scaled.jpg","type":"image\/jpeg"}],"schema":{"@context":"https:\/\/schema.org","@graph":[{"@type":"WebPage","@id":"https:\/\/alexandertechnique-centre.berlin\/de\/impressum-datenschutzerklaerung\/","url":"https:\/\/alexandertechnique-centre.berlin\/de\/impressum-datenschutzerklaerung\/","name":"Impressum \/ Datenschutzerkl\u00e4rung &#8226; Alexander Technique Centre Berlin","isPartOf":{"@id":"https:\/\/alexandertechnique-centre.berlin\/de\/#website"},"datePublished":"2024-05-04T17:00:23+00:00","dateModified":"2025-10-24T11:46:32+00:00","description":"Hier in unserem Impressum finden Sie alle rechtlichen Hinweise und Kontaktinformationen zum Alexander-Technik-Zentrum Berlin.","breadcrumb":{"@id":"https:\/\/alexandertechnique-centre.berlin\/de\/impressum-datenschutzerklaerung\/#breadcrumb"},"inLanguage":"de","potentialAction":[{"@type":"ReadAction","target":["https:\/\/alexandertechnique-centre.berlin\/de\/impressum-datenschutzerklaerung\/"]}]},{"@type":"BreadcrumbList","@id":"https:\/\/alexandertechnique-centre.berlin\/de\/impressum-datenschutzerklaerung\/#breadcrumb","itemListElement":[{"@type":"ListItem","position":1,"name":"Home","item":"https:\/\/alexandertechnique-centre.berlin\/de\/"},{"@type":"ListItem","position":2,"name":"Impressum \/ Datenschutzerkl\u00e4rung"}]},{"@type":"WebSite","@id":"https:\/\/alexandertechnique-centre.berlin\/de\/#website","url":"https:\/\/alexandertechnique-centre.berlin\/de\/","name":"Alexander Technique Centre Berlin","description":"Alexander Technique Centre Berlin","publisher":{"@id":"https:\/\/alexandertechnique-centre.berlin\/de\/#organization"},"alternateName":"ATCB","potentialAction":[{"@type":"SearchAction","target":{"@type":"EntryPoint","urlTemplate":"https:\/\/alexandertechnique-centre.berlin\/de\/?s={search_term_string}"},"query-input":{"@type":"PropertyValueSpecification","valueRequired":true,"valueName":"search_term_string"}}],"inLanguage":"de"},{"@type":"Organization","@id":"https:\/\/alexandertechnique-centre.berlin\/de\/#organization","name":"Alexander Technique Centre Berlin","url":"https:\/\/alexandertechnique-centre.berlin\/de\/","logo":{"@type":"ImageObject","inLanguage":"de","@id":"https:\/\/alexandertechnique-centre.berlin\/de\/#\/schema\/logo\/image\/","url":"https:\/\/alexandertechnique-centre.berlin\/wp-content\/uploads\/2024\/04\/atcb-logo.png","contentUrl":"https:\/\/alexandertechnique-centre.berlin\/wp-content\/uploads\/2024\/04\/atcb-logo.png","width":1255,"height":538,"caption":"Alexander Technique Centre Berlin"},"image":{"@id":"https:\/\/alexandertechnique-centre.berlin\/de\/#\/schema\/logo\/image\/"}}]}},"_links":{"self":[{"href":"https:\/\/alexandertechnique-centre.berlin\/de\/wp-json\/wp\/v2\/pages\/551","targetHints":{"allow":["GET"]}}],"collection":[{"href":"https:\/\/alexandertechnique-centre.berlin\/de\/wp-json\/wp\/v2\/pages"}],"about":[{"href":"https:\/\/alexandertechnique-centre.berlin\/de\/wp-json\/wp\/v2\/types\/page"}],"author":[{"embeddable":true,"href":"https:\/\/alexandertechnique-centre.berlin\/de\/wp-json\/wp\/v2\/users\/1"}],"replies":[{"embeddable":true,"href":"https:\/\/alexandertechnique-centre.berlin\/de\/wp-json\/wp\/v2\/comments?post=551"}],"version-history":[{"count":6,"href":"https:\/\/alexandertechnique-centre.berlin\/de\/wp-json\/wp\/v2\/pages\/551\/revisions"}],"predecessor-version":[{"id":3049,"href":"https:\/\/alexandertechnique-centre.berlin\/de\/wp-json\/wp\/v2\/pages\/551\/revisions\/3049"}],"wp:attachment":[{"href":"https:\/\/alexandertechnique-centre.berlin\/de\/wp-json\/wp\/v2\/media?parent=551"}],"curies":[{"name":"wp","href":"https:\/\/api.w.org\/{rel}","templated":true}]}}