{"id":635,"date":"2024-05-04T19:44:37","date_gmt":"2024-05-04T17:44:37","guid":{"rendered":"https:\/\/alexandertechnique-centre.berlin\/was-ist\/"},"modified":"2024-11-06T17:26:16","modified_gmt":"2024-11-06T16:26:16","slug":"was-ist","status":"publish","type":"page","link":"https:\/\/alexandertechnique-centre.berlin\/de\/was-ist\/","title":{"rendered":"Was ist"},"content":{"rendered":"<p>[et_pb_section fb_built=&#8220;1&#8243; admin_label=&#8220;Hero&#8220; _builder_version=&#8220;4.25.0&#8243; use_background_color_gradient=&#8220;on&#8220; background_color_gradient_direction=&#8220;320deg&#8220; background_color_gradient_stops=&#8220;rgba(0,0,0,0.5) 0%|rgba(0,0,0,0) 31%&#8220; background_color_gradient_overlays_image=&#8220;on&#8220; background_color_gradient_start=&#8220;rgba(0,0,0,0.5)&#8220; background_color_gradient_end=&#8220;rgba(0,0,0,0)&#8220; background_image=&#8220;https:\/\/alexandertechnique-centre.berlin\/wp-content\/uploads\/2024\/05\/atcb-DSC_9885-scaled.jpg&#8220; background_position=&#8220;bottom_center&#8220; min_height=&#8220;500px&#8220; custom_margin=&#8220;|||&#8220; custom_padding=&#8220;40vh||||false|false&#8220; bottom_divider_style=&#8220;slant&#8220; bottom_divider_color=&#8220;#ffffff&#8220; bottom_divider_flip=&#8220;horizontal&#8220; animation_style=&#8220;fade&#8220; animation_direction=&#8220;top&#8220; animation_duration=&#8220;1500ms&#8220; hover_enabled=&#8220;0&#8243; background_last_edited=&#8220;on|phone&#8220; use_background_color_gradient_phone=&#8220;on&#8220; background_color_gradient_stops_phone=&#8220;rgba(0,0,0,0.5) 0%|rgba(0,0,0,0) 94%&#8220; parallax_tablet=&#8220;off&#8220; parallax_phone=&#8220;off&#8220; background_position_phone=&#8220;top_right&#8220; global_colors_info=&#8220;{}&#8220; sticky_enabled=&#8220;0&#8243; background_horizontal_offset_phone=&#8220;29%&#8220;][et_pb_row column_structure=&#8220;1_2,1_2&#8243; _builder_version=&#8220;4.24.0&#8243; background_size=&#8220;initial&#8220; background_position=&#8220;top_left&#8220; background_repeat=&#8220;repeat&#8220; custom_padding=&#8220;27px|0px|0px|0px&#8220; global_colors_info=&#8220;{}&#8220;][et_pb_column type=&#8220;1_2&#8243; _builder_version=&#8220;4.16&#8243; custom_padding=&#8220;|||&#8220; global_colors_info=&#8220;{}&#8220; custom_padding__hover=&#8220;|||&#8220;][\/et_pb_column][et_pb_column type=&#8220;1_2&#8243; _builder_version=&#8220;4.16&#8243; custom_padding=&#8220;|||&#8220; global_colors_info=&#8220;{}&#8220; custom_padding__hover=&#8220;|||&#8220;][et_pb_text admin_label=&#8220;Title&#8220; _builder_version=&#8220;4.25.0&#8243; text_font=&#8220;||||||||&#8220; text_orientation=&#8220;right&#8220; background_layout=&#8220;dark&#8220; animation_style=&#8220;slide&#8220; animation_delay=&#8220;500ms&#8220; header_font_size_tablet=&#8220;&#8220; header_font_size_phone=&#8220;40px&#8220; header_font_size_last_edited=&#8220;on|phone&#8220; global_colors_info=&#8220;{}&#8220;]<\/p>\n<h1>Was ist die <br \/>Alexander-Technik?<\/h1>\n<p>[\/et_pb_text][et_pb_divider color=&#8220;#FFFFFF&#8220; divider_weight=&#8220;3px&#8220; _builder_version=&#8220;4.24.0&#8243; max_width=&#8220;120px&#8220; module_alignment=&#8220;right&#8220; animation_style=&#8220;zoom&#8220; animation_direction=&#8220;left&#8220; global_colors_info=&#8220;{}&#8220;][\/et_pb_divider][et_pb_button button_url=&#8220;#Inhalt&#8220; button_text=&#8220;Mehr lesen&#8220; button_alignment=&#8220;right&#8220; disabled_on=&#8220;off|off|off&#8220; _builder_version=&#8220;4.25.0&#8243; _module_preset=&#8220;default&#8220; global_colors_info=&#8220;{}&#8220;][\/et_pb_button][\/et_pb_column][\/et_pb_row][\/et_pb_section][et_pb_section fb_built=&#8220;1&#8243; admin_label=&#8220;About&#8220; module_id=&#8220;Inhalt&#8220; _builder_version=&#8220;4.25.0&#8243; custom_padding=&#8220;||100px||false|false&#8220; global_colors_info=&#8220;{}&#8220;][et_pb_row column_structure=&#8220;1_5,3_5,1_5&#8243; _builder_version=&#8220;4.16&#8243; custom_margin=&#8220;|||&#8220; custom_padding=&#8220;|||&#8220; global_colors_info=&#8220;{}&#8220;][et_pb_column type=&#8220;1_5&#8243; _builder_version=&#8220;4.16&#8243; custom_padding=&#8220;|||&#8220; global_colors_info=&#8220;{}&#8220; custom_padding__hover=&#8220;|||&#8220;][\/et_pb_column][et_pb_column type=&#8220;3_5&#8243; _builder_version=&#8220;4.16&#8243; custom_padding=&#8220;|||&#8220; global_colors_info=&#8220;{}&#8220; custom_padding__hover=&#8220;|||&#8220;][et_pb_text admin_label=&#8220;Title&#8220; _builder_version=&#8220;4.25.0&#8243; header_font=&#8220;||||||||&#8220; header_2_font=&#8220;Montserrat|500|||||||&#8220; header_2_text_align=&#8220;center&#8220; module_alignment=&#8220;center&#8220; animation_style=&#8220;slide&#8220; animation_direction=&#8220;bottom&#8220; animation_intensity_slide=&#8220;10%&#8220; global_colors_info=&#8220;{}&#8220;]<\/p>\n<p><a style=\"font-size: 40px; color: black;\">Das Sch\u00f6ne am Leben<\/a> mit der Alexander-Technik &#8211; und damit auch die Herausforderung &#8211; ist, dass sich jeder Moment als Chance zur Klarheit erweist. Jede Lektion bietet tiefere Einblicke in die Facetten des menschlichen Daseins und erm\u00f6glicht ein besseres Verst\u00e4ndnis dessen, wer und was wir sind.<\/p>\n<p>Im dynamischen Diskurs zwischen sich selbst und der Welt um einen herum erm\u00f6glicht es die Alexander-Technik, eine authentische Pr\u00e4senz darin zu finden. Das Leben offenbart sich als ein st\u00e4ndiger Dialog, der kreativ und nachhaltig ist und das Wachstum und die vitale Entwicklung aller Beteiligten f\u00f6rdert.<\/p>\n<p>Alle Aktivit\u00e4ten erfordern Engagement und eine angemessene Spannung. Als Reaktion auf den Stress des heutigen Lebens gehen die meisten von uns ihren t\u00e4glichen Aktivit\u00e4ten mit \u00fcberm\u00e4\u00dfiger Anstrengung nach. Wir funktionieren nach stereotypen Reaktionsmustern und reagieren mit \u00fcberm\u00e4\u00dfiger Anspannung. Aus Gr\u00fcnden, die uns meist verborgen bleiben, st\u00f6ren und beeintr\u00e4chtigen wir sogar unsere F\u00e4higkeit, frei und effektiv zu funktionieren. Die Folgen k\u00f6nnen beunruhigend und manchmal weitreichend sein und Schmerzen, Entt\u00e4uschung, Verwirrung und Orientierungslosigkeit, Krankheit, chronische Erkrankungen und sogar das Ende einer bedeutsamen Beziehung oder Karriere verursachen.<\/p>\n<p>[\/et_pb_text][et_pb_image src=&#8220;https:\/\/alexandertechnique-centre.berlin\/wp-content\/uploads\/2024\/04\/atcb-mood-12.jpg&#8220; title_text=&#8220;atcb-mood-12&#8243; _builder_version=&#8220;4.25.0&#8243; _module_preset=&#8220;default&#8220; global_colors_info=&#8220;{}&#8220;][\/et_pb_image][et_pb_text _builder_version=&#8220;4.25.0&#8243; _module_preset=&#8220;default&#8220; global_colors_info=&#8220;{}&#8220;]Der Mensch ist ein ganzheitliches System aus Geist und K\u00f6rper, mit der F\u00e4higkeit zur Selbstregulierung, Genesung und Heilung. Unsere Unf\u00e4higkeit, einen konstruktiven Umgang mit der Welt zu finden, der unsere Bed\u00fcrfnisse und Absichten wirklich unterst\u00fctzt, beeintr\u00e4chtigt und kompromittiert ernsthaft unser Bewusstsein f\u00fcr uns selbst und die Welt um uns herum. Oft tritt an die Stelle einer sinnlichen Auseinandersetzung mit der Welt ein mechanisches, gewohnheitsm\u00e4\u00dfiges Verhalten; wir verlieren die Sensibilit\u00e4t und Flexibilit\u00e4t einer kreativen Lebensweise. Die Alexander-Technik erh\u00f6ht den Standard des sensorischen Bewusstseins, so dass wir unangemessene Reaktionsmuster wahrnehmen und beschlie\u00dfen k\u00f6nnen, sie nicht anzuwenden. Interaktion wird zu einem bewussten Ereignis, das das Bewusstsein sch\u00e4rft und die Pr\u00e4senz erh\u00f6ht. Sie fordert ein Engagement ohne Fixierung, eine nachhaltige Kommunikation und eine authentische Teilnahme jenseits der Erwartungen.[\/et_pb_text][\/et_pb_column][et_pb_column type=&#8220;1_5&#8243; _builder_version=&#8220;4.16&#8243; custom_padding=&#8220;|||&#8220; global_colors_info=&#8220;{}&#8220; custom_padding__hover=&#8220;|||&#8220;][\/et_pb_column][\/et_pb_row][\/et_pb_section]<\/p>\n","protected":false},"excerpt":{"rendered":"<p>Was ist die Alexander-Technik?Das Sch\u00f6ne am Leben mit der Alexander-Technik &#8211; und damit auch die Herausforderung &#8211; ist, dass sich jeder Moment als Chance zur Klarheit erweist. Jede Lektion bietet tiefere Einblicke in die Facetten des menschlichen Daseins und erm\u00f6glicht ein besseres Verst\u00e4ndnis dessen, wer und was wir sind. Im dynamischen Diskurs zwischen sich selbst [&hellip;]<\/p>\n","protected":false},"author":1,"featured_media":0,"parent":0,"menu_order":0,"comment_status":"closed","ping_status":"closed","template":"","meta":{"_acf_changed":false,"_et_pb_use_builder":"on","_et_pb_old_content":"","_et_gb_content_width":"","inline_featured_image":false,"iawp_total_views":7,"footnotes":""},"class_list":["post-635","page","type-page","status-publish","hentry"],"acf":[],"yoast_head":"<!-- This site is optimized with the Yoast SEO plugin v27.3 - https:\/\/yoast.com\/product\/yoast-seo-wordpress\/ -->\n<title>Was ist &#8226; Alexander Technique Centre Berlin<\/title>\n<meta name=\"description\" content=\"Im dynamischen Diskurs zwischen sich selbst und der Welt um einen herum erm\u00f6glicht es die Alexander-Technik, eine authentische Pr\u00e4senz darin zu finden.\" \/>\n<meta name=\"robots\" content=\"index, follow, max-snippet:-1, max-image-preview:large, max-video-preview:-1\" \/>\n<link rel=\"canonical\" href=\"https:\/\/alexandertechnique-centre.berlin\/de\/was-ist\/\" \/>\n<meta property=\"og:locale\" content=\"de_DE\" \/>\n<meta property=\"og:type\" content=\"article\" \/>\n<meta property=\"og:title\" content=\"Was ist &#8226; Alexander Technique Centre Berlin\" \/>\n<meta property=\"og:description\" content=\"Im dynamischen Diskurs zwischen sich selbst und der Welt um einen herum erm\u00f6glicht es die Alexander-Technik, eine authentische Pr\u00e4senz darin zu finden.\" \/>\n<meta property=\"og:url\" content=\"https:\/\/alexandertechnique-centre.berlin\/de\/was-ist\/\" \/>\n<meta property=\"og:site_name\" content=\"Alexander Technique Centre Berlin\" \/>\n<meta property=\"article:modified_time\" content=\"2024-11-06T16:26:16+00:00\" \/>\n<meta property=\"og:image\" content=\"https:\/\/alexandertechnique-centre.berlin\/wp-content\/uploads\/2024\/05\/atcb-DSC_0267-scaled.jpg\" \/>\n\t<meta property=\"og:image:width\" content=\"2560\" \/>\n\t<meta property=\"og:image:height\" content=\"1707\" \/>\n\t<meta property=\"og:image:type\" content=\"image\/jpeg\" \/>\n<script type=\"application\/ld+json\" class=\"yoast-schema-graph\">{\"@context\":\"https:\\\/\\\/schema.org\",\"@graph\":[{\"@type\":\"WebPage\",\"@id\":\"https:\\\/\\\/alexandertechnique-centre.berlin\\\/de\\\/was-ist\\\/\",\"url\":\"https:\\\/\\\/alexandertechnique-centre.berlin\\\/de\\\/was-ist\\\/\",\"name\":\"Was ist &#8226; Alexander Technique Centre Berlin\",\"isPartOf\":{\"@id\":\"https:\\\/\\\/alexandertechnique-centre.berlin\\\/de\\\/#website\"},\"datePublished\":\"2024-05-04T17:44:37+00:00\",\"dateModified\":\"2024-11-06T16:26:16+00:00\",\"description\":\"Im dynamischen Diskurs zwischen sich selbst und der Welt um einen herum erm\u00f6glicht es die Alexander-Technik, eine authentische Pr\u00e4senz darin zu finden.\",\"breadcrumb\":{\"@id\":\"https:\\\/\\\/alexandertechnique-centre.berlin\\\/de\\\/was-ist\\\/#breadcrumb\"},\"inLanguage\":\"de\",\"potentialAction\":[{\"@type\":\"ReadAction\",\"target\":[\"https:\\\/\\\/alexandertechnique-centre.berlin\\\/de\\\/was-ist\\\/\"]}]},{\"@type\":\"BreadcrumbList\",\"@id\":\"https:\\\/\\\/alexandertechnique-centre.berlin\\\/de\\\/was-ist\\\/#breadcrumb\",\"itemListElement\":[{\"@type\":\"ListItem\",\"position\":1,\"name\":\"Home\",\"item\":\"https:\\\/\\\/alexandertechnique-centre.berlin\\\/de\\\/startseite\\\/\"},{\"@type\":\"ListItem\",\"position\":2,\"name\":\"Was ist\"}]},{\"@type\":\"WebSite\",\"@id\":\"https:\\\/\\\/alexandertechnique-centre.berlin\\\/de\\\/#website\",\"url\":\"https:\\\/\\\/alexandertechnique-centre.berlin\\\/de\\\/\",\"name\":\"Alexander Technique Centre Berlin\",\"description\":\"Alexander Technique Centre Berlin\",\"publisher\":{\"@id\":\"https:\\\/\\\/alexandertechnique-centre.berlin\\\/de\\\/#organization\"},\"alternateName\":\"ATCB\",\"potentialAction\":[{\"@type\":\"SearchAction\",\"target\":{\"@type\":\"EntryPoint\",\"urlTemplate\":\"https:\\\/\\\/alexandertechnique-centre.berlin\\\/de\\\/?s={search_term_string}\"},\"query-input\":{\"@type\":\"PropertyValueSpecification\",\"valueRequired\":true,\"valueName\":\"search_term_string\"}}],\"inLanguage\":\"de\"},{\"@type\":\"Organization\",\"@id\":\"https:\\\/\\\/alexandertechnique-centre.berlin\\\/de\\\/#organization\",\"name\":\"Alexander Technique Centre Berlin\",\"url\":\"https:\\\/\\\/alexandertechnique-centre.berlin\\\/de\\\/\",\"logo\":{\"@type\":\"ImageObject\",\"inLanguage\":\"de\",\"@id\":\"https:\\\/\\\/alexandertechnique-centre.berlin\\\/de\\\/#\\\/schema\\\/logo\\\/image\\\/\",\"url\":\"https:\\\/\\\/alexandertechnique-centre.berlin\\\/wp-content\\\/uploads\\\/2024\\\/04\\\/atcb-logo.png\",\"contentUrl\":\"https:\\\/\\\/alexandertechnique-centre.berlin\\\/wp-content\\\/uploads\\\/2024\\\/04\\\/atcb-logo.png\",\"width\":1255,\"height\":538,\"caption\":\"Alexander Technique Centre Berlin\"},\"image\":{\"@id\":\"https:\\\/\\\/alexandertechnique-centre.berlin\\\/de\\\/#\\\/schema\\\/logo\\\/image\\\/\"}}]}<\/script>\n<!-- \/ Yoast SEO plugin. -->","yoast_head_json":{"title":"Was ist &#8226; Alexander Technique Centre Berlin","description":"Im dynamischen Diskurs zwischen sich selbst und der Welt um einen herum erm\u00f6glicht es die Alexander-Technik, eine authentische Pr\u00e4senz darin zu finden.","robots":{"index":"index","follow":"follow","max-snippet":"max-snippet:-1","max-image-preview":"max-image-preview:large","max-video-preview":"max-video-preview:-1"},"canonical":"https:\/\/alexandertechnique-centre.berlin\/de\/was-ist\/","og_locale":"de_DE","og_type":"article","og_title":"Was ist &#8226; Alexander Technique Centre Berlin","og_description":"Im dynamischen Diskurs zwischen sich selbst und der Welt um einen herum erm\u00f6glicht es die Alexander-Technik, eine authentische Pr\u00e4senz darin zu finden.","og_url":"https:\/\/alexandertechnique-centre.berlin\/de\/was-ist\/","og_site_name":"Alexander Technique Centre Berlin","article_modified_time":"2024-11-06T16:26:16+00:00","og_image":[{"width":2560,"height":1707,"url":"https:\/\/alexandertechnique-centre.berlin\/wp-content\/uploads\/2024\/05\/atcb-DSC_0267-scaled.jpg","type":"image\/jpeg"}],"schema":{"@context":"https:\/\/schema.org","@graph":[{"@type":"WebPage","@id":"https:\/\/alexandertechnique-centre.berlin\/de\/was-ist\/","url":"https:\/\/alexandertechnique-centre.berlin\/de\/was-ist\/","name":"Was ist &#8226; Alexander Technique Centre Berlin","isPartOf":{"@id":"https:\/\/alexandertechnique-centre.berlin\/de\/#website"},"datePublished":"2024-05-04T17:44:37+00:00","dateModified":"2024-11-06T16:26:16+00:00","description":"Im dynamischen Diskurs zwischen sich selbst und der Welt um einen herum erm\u00f6glicht es die Alexander-Technik, eine authentische Pr\u00e4senz darin zu finden.","breadcrumb":{"@id":"https:\/\/alexandertechnique-centre.berlin\/de\/was-ist\/#breadcrumb"},"inLanguage":"de","potentialAction":[{"@type":"ReadAction","target":["https:\/\/alexandertechnique-centre.berlin\/de\/was-ist\/"]}]},{"@type":"BreadcrumbList","@id":"https:\/\/alexandertechnique-centre.berlin\/de\/was-ist\/#breadcrumb","itemListElement":[{"@type":"ListItem","position":1,"name":"Home","item":"https:\/\/alexandertechnique-centre.berlin\/de\/startseite\/"},{"@type":"ListItem","position":2,"name":"Was ist"}]},{"@type":"WebSite","@id":"https:\/\/alexandertechnique-centre.berlin\/de\/#website","url":"https:\/\/alexandertechnique-centre.berlin\/de\/","name":"Alexander Technique Centre Berlin","description":"Alexander Technique Centre Berlin","publisher":{"@id":"https:\/\/alexandertechnique-centre.berlin\/de\/#organization"},"alternateName":"ATCB","potentialAction":[{"@type":"SearchAction","target":{"@type":"EntryPoint","urlTemplate":"https:\/\/alexandertechnique-centre.berlin\/de\/?s={search_term_string}"},"query-input":{"@type":"PropertyValueSpecification","valueRequired":true,"valueName":"search_term_string"}}],"inLanguage":"de"},{"@type":"Organization","@id":"https:\/\/alexandertechnique-centre.berlin\/de\/#organization","name":"Alexander Technique Centre Berlin","url":"https:\/\/alexandertechnique-centre.berlin\/de\/","logo":{"@type":"ImageObject","inLanguage":"de","@id":"https:\/\/alexandertechnique-centre.berlin\/de\/#\/schema\/logo\/image\/","url":"https:\/\/alexandertechnique-centre.berlin\/wp-content\/uploads\/2024\/04\/atcb-logo.png","contentUrl":"https:\/\/alexandertechnique-centre.berlin\/wp-content\/uploads\/2024\/04\/atcb-logo.png","width":1255,"height":538,"caption":"Alexander Technique Centre Berlin"},"image":{"@id":"https:\/\/alexandertechnique-centre.berlin\/de\/#\/schema\/logo\/image\/"}}]}},"_links":{"self":[{"href":"https:\/\/alexandertechnique-centre.berlin\/de\/wp-json\/wp\/v2\/pages\/635","targetHints":{"allow":["GET"]}}],"collection":[{"href":"https:\/\/alexandertechnique-centre.berlin\/de\/wp-json\/wp\/v2\/pages"}],"about":[{"href":"https:\/\/alexandertechnique-centre.berlin\/de\/wp-json\/wp\/v2\/types\/page"}],"author":[{"embeddable":true,"href":"https:\/\/alexandertechnique-centre.berlin\/de\/wp-json\/wp\/v2\/users\/1"}],"replies":[{"embeddable":true,"href":"https:\/\/alexandertechnique-centre.berlin\/de\/wp-json\/wp\/v2\/comments?post=635"}],"version-history":[{"count":7,"href":"https:\/\/alexandertechnique-centre.berlin\/de\/wp-json\/wp\/v2\/pages\/635\/revisions"}],"predecessor-version":[{"id":1850,"href":"https:\/\/alexandertechnique-centre.berlin\/de\/wp-json\/wp\/v2\/pages\/635\/revisions\/1850"}],"wp:attachment":[{"href":"https:\/\/alexandertechnique-centre.berlin\/de\/wp-json\/wp\/v2\/media?parent=635"}],"curies":[{"name":"wp","href":"https:\/\/api.w.org\/{rel}","templated":true}]}}