{"id":638,"date":"2024-05-05T15:27:01","date_gmt":"2024-05-05T13:27:01","guid":{"rendered":"https:\/\/alexandertechnique-centre.berlin\/wer-war\/"},"modified":"2026-04-10T11:14:17","modified_gmt":"2026-04-10T09:14:17","slug":"wer-war","status":"publish","type":"page","link":"https:\/\/alexandertechnique-centre.berlin\/de\/wer-war\/","title":{"rendered":"Wer war"},"content":{"rendered":"<p>[et_pb_section fb_built=&#8220;1&#8243; admin_label=&#8220;Hero&#8220; _builder_version=&#8220;4.25.0&#8243; background_image=&#8220;https:\/\/alexandertechnique-centre.berlin\/wp-content\/uploads\/2024\/04\/atcb-alexander-1-scaled.jpg&#8220; background_position=&#8220;top_center&#8220; background_vertical_offset=&#8220;28%&#8220; min_height=&#8220;500px&#8220; custom_margin=&#8220;|||&#8220; custom_padding=&#8220;40vh||||false|false&#8220; bottom_divider_style=&#8220;slant&#8220; bottom_divider_color=&#8220;#ffffff&#8220; bottom_divider_flip=&#8220;horizontal&#8220; animation_style=&#8220;fade&#8220; animation_direction=&#8220;top&#8220; animation_duration=&#8220;1500ms&#8220; background_last_edited=&#8220;on|phone&#8220; use_background_color_gradient_phone=&#8220;on&#8220; background_color_gradient_stops_phone=&#8220;rgba(0,0,0,0.5) 0%|rgba(0,0,0,0) 94%&#8220; parallax_tablet=&#8220;off&#8220; parallax_phone=&#8220;off&#8220; background_position_phone=&#8220;top_center&#8220; background_horizontal_offset_phone=&#8220;17%&#8220; global_colors_info=&#8220;{}&#8220;][et_pb_row column_structure=&#8220;1_2,1_2&#8243; _builder_version=&#8220;4.24.0&#8243; background_size=&#8220;initial&#8220; background_position=&#8220;top_left&#8220; background_repeat=&#8220;repeat&#8220; custom_padding=&#8220;27px|0px|0px|0px&#8220; global_colors_info=&#8220;{}&#8220;][et_pb_column type=&#8220;1_2&#8243; _builder_version=&#8220;4.16&#8243; custom_padding=&#8220;|||&#8220; global_colors_info=&#8220;{}&#8220; custom_padding__hover=&#8220;|||&#8220;][\/et_pb_column][et_pb_column type=&#8220;1_2&#8243; _builder_version=&#8220;4.16&#8243; custom_padding=&#8220;|||&#8220; global_colors_info=&#8220;{}&#8220; custom_padding__hover=&#8220;|||&#8220;][et_pb_text admin_label=&#8220;Title&#8220; _builder_version=&#8220;4.25.0&#8243; text_font=&#8220;||||||||&#8220; text_orientation=&#8220;right&#8220; background_layout=&#8220;dark&#8220; animation_style=&#8220;slide&#8220; animation_delay=&#8220;500ms&#8220; header_font_size_tablet=&#8220;&#8220; header_font_size_phone=&#8220;40px&#8220; header_font_size_last_edited=&#8220;on|phone&#8220; global_colors_info=&#8220;{}&#8220;]<\/p>\n<h1>Wer war<br \/>F.M. Alexander?<\/h1>\n<p>[\/et_pb_text][et_pb_divider color=&#8220;#FFFFFF&#8220; divider_weight=&#8220;3px&#8220; _builder_version=&#8220;4.24.0&#8243; max_width=&#8220;120px&#8220; module_alignment=&#8220;right&#8220; animation_style=&#8220;zoom&#8220; animation_direction=&#8220;left&#8220; global_colors_info=&#8220;{}&#8220;][\/et_pb_divider][et_pb_button button_url=&#8220;#Inhalt&#8220; button_text=&#8220;Mehr lesen&#8220; button_alignment=&#8220;right&#8220; disabled_on=&#8220;off|off|off&#8220; _builder_version=&#8220;4.25.0&#8243; _module_preset=&#8220;default&#8220; global_colors_info=&#8220;{}&#8220;][\/et_pb_button][\/et_pb_column][\/et_pb_row][\/et_pb_section][et_pb_section fb_built=&#8220;1&#8243; admin_label=&#8220;About&#8220; module_id=&#8220;Inhalt&#8220; _builder_version=&#8220;4.25.0&#8243; custom_padding=&#8220;||100px||false|false&#8220; global_colors_info=&#8220;{}&#8220;][et_pb_row column_structure=&#8220;1_5,3_5,1_5&#8243; _builder_version=&#8220;4.16&#8243; custom_margin=&#8220;|||&#8220; custom_padding=&#8220;|||&#8220; global_colors_info=&#8220;{}&#8220;][et_pb_column type=&#8220;1_5&#8243; _builder_version=&#8220;4.16&#8243; custom_padding=&#8220;|||&#8220; global_colors_info=&#8220;{}&#8220; custom_padding__hover=&#8220;|||&#8220;][\/et_pb_column][et_pb_column type=&#8220;3_5&#8243; _builder_version=&#8220;4.16&#8243; custom_padding=&#8220;|||&#8220; global_colors_info=&#8220;{}&#8220; custom_padding__hover=&#8220;|||&#8220;][et_pb_text admin_label=&#8220;Title&#8220; _builder_version=&#8220;4.25.0&#8243; header_font=&#8220;||||||||&#8220; header_2_font=&#8220;Montserrat|500|||||||&#8220; header_2_text_align=&#8220;center&#8220; module_alignment=&#8220;center&#8220; animation_style=&#8220;slide&#8220; animation_direction=&#8220;bottom&#8220; animation_intensity_slide=&#8220;10%&#8220; global_colors_info=&#8220;{}&#8220;]<a style=\"font-size: 40px; color: black;\">Frederick Matthias Alexander<\/a> wurde 1869 in Tasmanien, Australien, geboren. Als junger Mann begeisterte er sich f\u00fcr die Schauspielerei, insbesondere f\u00fcr das Rezitieren von Shakespeare, aber seine vielversprechende Karriere wurde durch einen schweren Stimmverlust w\u00e4hrend seiner Auftritte unterbrochen.<\/p>\n<p>Er suchte Hilfe bei \u00c4rzten, aber ohne Erfolg. In der \u00dcberzeugung, dass die Ursache seines Stimmproblems in der Art und Weise liegen musste, wie er \u00fcber seinen K\u00f6rper nachdachte und ihn einsetzte, begann Alexander mit einer intensiven, zehn Jahre dauernden Untersuchung seines eigenen Gebrauchs. Eine lange Periode akribischer Beobachtung und Forschung ergab, dass er ein unangemessenes Ma\u00df an Anstrengung und Anspannung bei jeder T\u00e4tigkeit aus\u00fcbte, das seine F\u00e4higkeit zu funktionieren behinderte und somit gegen ihn selbst arbeitete. Die Erforschung dieses &#8222;Missbrauchs&#8220; seiner Selbst, seiner Ursachen und der M\u00f6glichkeiten, diesen zu verhindern, f\u00fchrte ihn zur Entdeckung bestimmter grundlegender Prinzipien, die sich auf die Geist-K\u00f6rper-Koordination des Einzelnen auswirken und auf jede Art geistiger und k\u00f6rperlicher Aktivit\u00e4t anwendbar sind.<\/p>\n<p>Dieses Wissen erm\u00f6glichte es ihm, sein eigenes Stimmproblem zu l\u00f6sen und gleichzeitig seine Atmung und B\u00fchnenpr\u00e4senz zu verbessern. Andere erkannten die Bedeutung seiner Entdeckungen und begannen, ihn um Hilfe zu bitten. Ab etwa 1894 unterrichtete er in Melbourne und sp\u00e4ter in Sydney, als seine Methoden der Stimm- und Atemschulung zum Mittelpunkt seines Lebens wurden. Eine Reihe von \u00c4rzten begann, ihre Patienten an ihn zu \u00fcberweisen, und 1904 brachte er mit Empfehlungsschreiben eines angesehenen Chirurgen aus Sydney seine Technik nach England und baute eine florierende Praxis in London und sp\u00e4ter, zusammen mit seinem Bruder A.R. Alexander, in den USA auf.[\/et_pb_text][\/et_pb_column][et_pb_column type=&#8220;1_5&#8243; _builder_version=&#8220;4.16&#8243; custom_padding=&#8220;|||&#8220; global_colors_info=&#8220;{}&#8220; custom_padding__hover=&#8220;|||&#8220;][\/et_pb_column][\/et_pb_row][et_pb_row column_structure=&#8220;1_4,1_4,1_4,1_4&#8243; use_custom_gutter=&#8220;on&#8220; gutter_width=&#8220;2&#8243; _builder_version=&#8220;4.25.0&#8243; _module_preset=&#8220;default&#8220; global_colors_info=&#8220;{}&#8220;][et_pb_column type=&#8220;1_4&#8243; _builder_version=&#8220;4.25.0&#8243; _module_preset=&#8220;default&#8220; global_colors_info=&#8220;{}&#8220;][\/et_pb_column][et_pb_column type=&#8220;1_4&#8243; _builder_version=&#8220;4.25.0&#8243; _module_preset=&#8220;default&#8220; global_colors_info=&#8220;{}&#8220;][et_pb_image src=&#8220;https:\/\/alexandertechnique-centre.berlin\/wp-content\/uploads\/2024\/04\/atcb-alexander-2-scaled.jpg&#8220; title_text=&#8220;atcb-alexander-2&#8243; _builder_version=&#8220;4.25.0&#8243; _module_preset=&#8220;default&#8220; global_colors_info=&#8220;{}&#8220;][\/et_pb_image][\/et_pb_column][et_pb_column type=&#8220;1_4&#8243; _builder_version=&#8220;4.25.0&#8243; _module_preset=&#8220;default&#8220; global_colors_info=&#8220;{}&#8220;][et_pb_image src=&#8220;https:\/\/alexandertechnique-centre.berlin\/wp-content\/uploads\/2024\/04\/alexander-3.jpg&#8220; title_text=&#8220;alexander-3&#8243; _builder_version=&#8220;4.25.0&#8243; _module_preset=&#8220;default&#8220; global_colors_info=&#8220;{}&#8220;][\/et_pb_image][\/et_pb_column][et_pb_column type=&#8220;1_4&#8243; _builder_version=&#8220;4.25.0&#8243; _module_preset=&#8220;default&#8220; global_colors_info=&#8220;{}&#8220;][\/et_pb_column][\/et_pb_row][et_pb_row column_structure=&#8220;1_5,3_5,1_5&#8243; _builder_version=&#8220;4.16&#8243; custom_margin=&#8220;|||&#8220; custom_padding=&#8220;|||&#8220; global_colors_info=&#8220;{}&#8220;][et_pb_column type=&#8220;1_5&#8243; _builder_version=&#8220;4.16&#8243; custom_padding=&#8220;|||&#8220; global_colors_info=&#8220;{}&#8220; custom_padding__hover=&#8220;|||&#8220;][\/et_pb_column][et_pb_column type=&#8220;3_5&#8243; _builder_version=&#8220;4.16&#8243; custom_padding=&#8220;|||&#8220; global_colors_info=&#8220;{}&#8220; custom_padding__hover=&#8220;|||&#8220;][et_pb_text _builder_version=&#8220;4.25.0&#8243; _module_preset=&#8220;default&#8220; custom_margin=&#8220;||10px||false|false&#8220; custom_padding=&#8220;||||false|false&#8220; global_colors_info=&#8220;{}&#8220;]<\/p>\n<p><span>Er hatte viele einflussreiche Unterst\u00fctzer, darunter Sir Henry Irving, George Bernard Shaw, Aldous Huxley und Sir Stafford Cripps. Viele \u00c4rzte, darunter Peter MacDonald, der sp\u00e4ter Vorsitzender des BMA wurde, waren Bef\u00fcrworter seiner Arbeit und schickten Patienten zu ihm. 1939 forderte eine gro\u00dfe Gruppe von \u00c4rzten das British Medical Journal auf, Alexanders Prinzipien in die medizinische Ausbildung aufzunehmen.<\/span><\/p>\n<p><span>In den USA lernte er den Philosophen John Dewey kennen, der heute als Vater des amerikanischen Bildungssystems gilt, und gab ihm Unterricht. Dewey zeigte seine Unterst\u00fctzung und Begeisterung f\u00fcr Alexanders Arbeit, indem er die Vorworte zu drei von Alexanders B\u00fcchern schrieb.<\/span><\/p>\n<p><span>Eine Reihe von Wissenschaftlern unterst\u00fctzte seine Methode und stellten fest, dass Alexanders praktische Beobachtungen mit wissenschaftlichen Entdeckungen in der Neurologie und Physiologie \u00fcbereinstimmten. Der bedeutendste von ihnen war Sir Charles Sherrington, der heute als der Vater der modernen Neurologie gilt. Ein weiterer Nobelpreistr\u00e4ger, Nikolaas Tinbergen, der 1973 den Preis f\u00fcr &#8222;Physiologie oder Medizin&#8220; erhielt, widmete einen gro\u00dfen Teil seiner Nobelpreisrede der Arbeit von Alexander:<\/span><\/p>\n<p><span><\/span><\/p>\n<p>[\/et_pb_text][et_pb_video src=&#8220;https:\/\/www.youtube.com\/watch?v=gCxxOSIMY8U&#8220; _builder_version=&#8220;4.25.0&#8243; _module_preset=&#8220;default&#8220; border_radii=&#8220;on|5px|5px|5px|5px&#8220; global_colors_info=&#8220;{}&#8220;][\/et_pb_video][et_pb_text _builder_version=&#8220;4.27.0&#8243; _module_preset=&#8220;default&#8220; global_colors_info=&#8220;{}&#8220;]<\/p>\n<p>In 1931 he began training others in England and the USA to teach the Technique and continued both his private practice and training school until his death in 1955 at the age of 86.<\/p>\n<p>Heute best\u00e4tigen mehrere Tausend Lehrerinnen und Lehrer weltweit die Bedeutung der Entdeckungen von F.M. Alexander. 1958 gr\u00fcndeten einige seiner Absolventen die Society of Teachers of the Alexander Technique (STAT) in England, um die Arbeit nach den von Alexander aufgestellten Standards zu erhalten und fortzuf\u00fchren. These standards are now maintained and regularly revised by an international cooperation of societies ATAS &#8211; Alexander Technique Afiliated Societies, which proposes international guidelines endorsed by the many societies around the world.<\/p>\n<p>Alexander schrieb vier B\u00fccher \u00fcber seine Methode, die alle noch heute im Druck sind.<\/p>\n<ul>\n<li><strong>Das Verm\u00e4chtnis der Evolution an die Menschheit von unsch\u00e4tzbarem Wert <\/strong> (Man&#8217;s Supreme Inheritance 1910,revised edition 1918)<\/li>\n<li><strong>Die konstruktive bewusste Kontrolle des individuellen Menschen <\/strong> (Constructive Conscious Control of the Individual 1923)<\/li>\n<li><strong>Der Gebrauch des Selbst<\/strong> (The Use of the Self 1932)<\/li>\n<li><strong>Die universelle Konstante im Fluss des Lebens<\/strong> (The Universal Constant in Living)<\/li>\n<\/ul>\n<p>[\/et_pb_text][\/et_pb_column][et_pb_column type=&#8220;1_5&#8243; _builder_version=&#8220;4.16&#8243; custom_padding=&#8220;|||&#8220; global_colors_info=&#8220;{}&#8220; custom_padding__hover=&#8220;|||&#8220;][\/et_pb_column][\/et_pb_row][\/et_pb_section]<\/p>\n","protected":false},"excerpt":{"rendered":"<p>Wer warF.M. Alexander?Frederick Matthias Alexander wurde 1869 in Tasmanien, Australien, geboren. Als junger Mann begeisterte er sich f\u00fcr die Schauspielerei, insbesondere f\u00fcr das Rezitieren von Shakespeare, aber seine vielversprechende Karriere wurde durch einen schweren Stimmverlust w\u00e4hrend seiner Auftritte unterbrochen. Er suchte Hilfe bei \u00c4rzten, aber ohne Erfolg. In der \u00dcberzeugung, dass die Ursache seines Stimmproblems [&hellip;]<\/p>\n","protected":false},"author":1,"featured_media":0,"parent":0,"menu_order":0,"comment_status":"closed","ping_status":"closed","template":"","meta":{"_acf_changed":false,"_et_pb_use_builder":"on","_et_pb_old_content":"","_et_gb_content_width":"","inline_featured_image":false,"iawp_total_views":5,"footnotes":""},"class_list":["post-638","page","type-page","status-publish","hentry"],"acf":[],"yoast_head":"<!-- This site is optimized with the Yoast SEO plugin v27.3 - https:\/\/yoast.com\/product\/yoast-seo-wordpress\/ -->\n<title>Wer war &#8226; Alexander Technique Centre Berlin<\/title>\n<meta name=\"description\" content=\"Lesen Sie mehr \u00fcber den Begr\u00fcnder der Alexander-Technik - Frederick Matthias Alexander - und die Geschichte und Entwicklung seiner Arbeit.\" \/>\n<meta name=\"robots\" content=\"index, follow, max-snippet:-1, max-image-preview:large, max-video-preview:-1\" \/>\n<link rel=\"canonical\" href=\"https:\/\/alexandertechnique-centre.berlin\/de\/wer-war\/\" \/>\n<meta property=\"og:locale\" content=\"de_DE\" \/>\n<meta property=\"og:type\" content=\"article\" \/>\n<meta property=\"og:title\" content=\"Wer war &#8226; Alexander Technique Centre Berlin\" \/>\n<meta property=\"og:description\" content=\"Lesen Sie mehr \u00fcber den Begr\u00fcnder der Alexander-Technik - Frederick Matthias Alexander - und die Geschichte und Entwicklung seiner Arbeit.\" \/>\n<meta property=\"og:url\" content=\"https:\/\/alexandertechnique-centre.berlin\/de\/wer-war\/\" \/>\n<meta property=\"og:site_name\" content=\"Alexander Technique Centre Berlin\" \/>\n<meta property=\"article:modified_time\" content=\"2026-04-10T09:14:17+00:00\" \/>\n<meta property=\"og:image\" content=\"https:\/\/alexandertechnique-centre.berlin\/wp-content\/uploads\/2024\/05\/atcb-DSC_0267-scaled.jpg\" \/>\n\t<meta property=\"og:image:width\" content=\"2560\" \/>\n\t<meta property=\"og:image:height\" content=\"1707\" \/>\n\t<meta property=\"og:image:type\" content=\"image\/jpeg\" \/>\n<script type=\"application\/ld+json\" class=\"yoast-schema-graph\">{\"@context\":\"https:\\\/\\\/schema.org\",\"@graph\":[{\"@type\":\"WebPage\",\"@id\":\"https:\\\/\\\/alexandertechnique-centre.berlin\\\/de\\\/wer-war\\\/\",\"url\":\"https:\\\/\\\/alexandertechnique-centre.berlin\\\/de\\\/wer-war\\\/\",\"name\":\"Wer war &#8226; Alexander Technique Centre Berlin\",\"isPartOf\":{\"@id\":\"https:\\\/\\\/alexandertechnique-centre.berlin\\\/de\\\/#website\"},\"datePublished\":\"2024-05-05T13:27:01+00:00\",\"dateModified\":\"2026-04-10T09:14:17+00:00\",\"description\":\"Lesen Sie mehr \u00fcber den Begr\u00fcnder der Alexander-Technik - Frederick Matthias Alexander - und die Geschichte und Entwicklung seiner Arbeit.\",\"breadcrumb\":{\"@id\":\"https:\\\/\\\/alexandertechnique-centre.berlin\\\/de\\\/wer-war\\\/#breadcrumb\"},\"inLanguage\":\"de\",\"potentialAction\":[{\"@type\":\"ReadAction\",\"target\":[\"https:\\\/\\\/alexandertechnique-centre.berlin\\\/de\\\/wer-war\\\/\"]}]},{\"@type\":\"BreadcrumbList\",\"@id\":\"https:\\\/\\\/alexandertechnique-centre.berlin\\\/de\\\/wer-war\\\/#breadcrumb\",\"itemListElement\":[{\"@type\":\"ListItem\",\"position\":1,\"name\":\"Home\",\"item\":\"https:\\\/\\\/alexandertechnique-centre.berlin\\\/de\\\/startseite\\\/\"},{\"@type\":\"ListItem\",\"position\":2,\"name\":\"Wer war\"}]},{\"@type\":\"WebSite\",\"@id\":\"https:\\\/\\\/alexandertechnique-centre.berlin\\\/de\\\/#website\",\"url\":\"https:\\\/\\\/alexandertechnique-centre.berlin\\\/de\\\/\",\"name\":\"Alexander Technique Centre Berlin\",\"description\":\"Alexander Technique Centre Berlin\",\"publisher\":{\"@id\":\"https:\\\/\\\/alexandertechnique-centre.berlin\\\/de\\\/#organization\"},\"alternateName\":\"ATCB\",\"potentialAction\":[{\"@type\":\"SearchAction\",\"target\":{\"@type\":\"EntryPoint\",\"urlTemplate\":\"https:\\\/\\\/alexandertechnique-centre.berlin\\\/de\\\/?s={search_term_string}\"},\"query-input\":{\"@type\":\"PropertyValueSpecification\",\"valueRequired\":true,\"valueName\":\"search_term_string\"}}],\"inLanguage\":\"de\"},{\"@type\":\"Organization\",\"@id\":\"https:\\\/\\\/alexandertechnique-centre.berlin\\\/de\\\/#organization\",\"name\":\"Alexander Technique Centre Berlin\",\"url\":\"https:\\\/\\\/alexandertechnique-centre.berlin\\\/de\\\/\",\"logo\":{\"@type\":\"ImageObject\",\"inLanguage\":\"de\",\"@id\":\"https:\\\/\\\/alexandertechnique-centre.berlin\\\/de\\\/#\\\/schema\\\/logo\\\/image\\\/\",\"url\":\"https:\\\/\\\/alexandertechnique-centre.berlin\\\/wp-content\\\/uploads\\\/2024\\\/04\\\/atcb-logo.png\",\"contentUrl\":\"https:\\\/\\\/alexandertechnique-centre.berlin\\\/wp-content\\\/uploads\\\/2024\\\/04\\\/atcb-logo.png\",\"width\":1255,\"height\":538,\"caption\":\"Alexander Technique Centre Berlin\"},\"image\":{\"@id\":\"https:\\\/\\\/alexandertechnique-centre.berlin\\\/de\\\/#\\\/schema\\\/logo\\\/image\\\/\"}}]}<\/script>\n<!-- \/ Yoast SEO plugin. -->","yoast_head_json":{"title":"Wer war &#8226; Alexander Technique Centre Berlin","description":"Lesen Sie mehr \u00fcber den Begr\u00fcnder der Alexander-Technik - Frederick Matthias Alexander - und die Geschichte und Entwicklung seiner Arbeit.","robots":{"index":"index","follow":"follow","max-snippet":"max-snippet:-1","max-image-preview":"max-image-preview:large","max-video-preview":"max-video-preview:-1"},"canonical":"https:\/\/alexandertechnique-centre.berlin\/de\/wer-war\/","og_locale":"de_DE","og_type":"article","og_title":"Wer war &#8226; Alexander Technique Centre Berlin","og_description":"Lesen Sie mehr \u00fcber den Begr\u00fcnder der Alexander-Technik - Frederick Matthias Alexander - und die Geschichte und Entwicklung seiner Arbeit.","og_url":"https:\/\/alexandertechnique-centre.berlin\/de\/wer-war\/","og_site_name":"Alexander Technique Centre Berlin","article_modified_time":"2026-04-10T09:14:17+00:00","og_image":[{"width":2560,"height":1707,"url":"https:\/\/alexandertechnique-centre.berlin\/wp-content\/uploads\/2024\/05\/atcb-DSC_0267-scaled.jpg","type":"image\/jpeg"}],"schema":{"@context":"https:\/\/schema.org","@graph":[{"@type":"WebPage","@id":"https:\/\/alexandertechnique-centre.berlin\/de\/wer-war\/","url":"https:\/\/alexandertechnique-centre.berlin\/de\/wer-war\/","name":"Wer war &#8226; Alexander Technique Centre Berlin","isPartOf":{"@id":"https:\/\/alexandertechnique-centre.berlin\/de\/#website"},"datePublished":"2024-05-05T13:27:01+00:00","dateModified":"2026-04-10T09:14:17+00:00","description":"Lesen Sie mehr \u00fcber den Begr\u00fcnder der Alexander-Technik - Frederick Matthias Alexander - und die Geschichte und Entwicklung seiner Arbeit.","breadcrumb":{"@id":"https:\/\/alexandertechnique-centre.berlin\/de\/wer-war\/#breadcrumb"},"inLanguage":"de","potentialAction":[{"@type":"ReadAction","target":["https:\/\/alexandertechnique-centre.berlin\/de\/wer-war\/"]}]},{"@type":"BreadcrumbList","@id":"https:\/\/alexandertechnique-centre.berlin\/de\/wer-war\/#breadcrumb","itemListElement":[{"@type":"ListItem","position":1,"name":"Home","item":"https:\/\/alexandertechnique-centre.berlin\/de\/startseite\/"},{"@type":"ListItem","position":2,"name":"Wer war"}]},{"@type":"WebSite","@id":"https:\/\/alexandertechnique-centre.berlin\/de\/#website","url":"https:\/\/alexandertechnique-centre.berlin\/de\/","name":"Alexander Technique Centre Berlin","description":"Alexander Technique Centre Berlin","publisher":{"@id":"https:\/\/alexandertechnique-centre.berlin\/de\/#organization"},"alternateName":"ATCB","potentialAction":[{"@type":"SearchAction","target":{"@type":"EntryPoint","urlTemplate":"https:\/\/alexandertechnique-centre.berlin\/de\/?s={search_term_string}"},"query-input":{"@type":"PropertyValueSpecification","valueRequired":true,"valueName":"search_term_string"}}],"inLanguage":"de"},{"@type":"Organization","@id":"https:\/\/alexandertechnique-centre.berlin\/de\/#organization","name":"Alexander Technique Centre Berlin","url":"https:\/\/alexandertechnique-centre.berlin\/de\/","logo":{"@type":"ImageObject","inLanguage":"de","@id":"https:\/\/alexandertechnique-centre.berlin\/de\/#\/schema\/logo\/image\/","url":"https:\/\/alexandertechnique-centre.berlin\/wp-content\/uploads\/2024\/04\/atcb-logo.png","contentUrl":"https:\/\/alexandertechnique-centre.berlin\/wp-content\/uploads\/2024\/04\/atcb-logo.png","width":1255,"height":538,"caption":"Alexander Technique Centre Berlin"},"image":{"@id":"https:\/\/alexandertechnique-centre.berlin\/de\/#\/schema\/logo\/image\/"}}]}},"_links":{"self":[{"href":"https:\/\/alexandertechnique-centre.berlin\/de\/wp-json\/wp\/v2\/pages\/638","targetHints":{"allow":["GET"]}}],"collection":[{"href":"https:\/\/alexandertechnique-centre.berlin\/de\/wp-json\/wp\/v2\/pages"}],"about":[{"href":"https:\/\/alexandertechnique-centre.berlin\/de\/wp-json\/wp\/v2\/types\/page"}],"author":[{"embeddable":true,"href":"https:\/\/alexandertechnique-centre.berlin\/de\/wp-json\/wp\/v2\/users\/1"}],"replies":[{"embeddable":true,"href":"https:\/\/alexandertechnique-centre.berlin\/de\/wp-json\/wp\/v2\/comments?post=638"}],"version-history":[{"count":10,"href":"https:\/\/alexandertechnique-centre.berlin\/de\/wp-json\/wp\/v2\/pages\/638\/revisions"}],"predecessor-version":[{"id":3539,"href":"https:\/\/alexandertechnique-centre.berlin\/de\/wp-json\/wp\/v2\/pages\/638\/revisions\/3539"}],"wp:attachment":[{"href":"https:\/\/alexandertechnique-centre.berlin\/de\/wp-json\/wp\/v2\/media?parent=638"}],"curies":[{"name":"wp","href":"https:\/\/api.w.org\/{rel}","templated":true}]}}